{"id":31,"date":"2019-01-19T02:18:34","date_gmt":"2019-01-19T01:18:34","guid":{"rendered":"https:\/\/datenschutz-eprivacy.de\/da\/dat\/?page_id=31"},"modified":"2024-07-18T13:11:48","modified_gmt":"2024-07-18T11:11:48","slug":"impressum","status":"publish","type":"page","link":"https:\/\/datenschutz-eprivacy.de\/en\/kontakt\/impressum\/","title":{"rendered":"Imprint and Legal Notice"},"content":{"rendered":"<p style=\"text-align: center;\"><a class=\"btn2\" href=\"https:\/\/datenschutz-eprivacy.de\/en\/da\/#dienstleistungen\" target=\"new\" rel=\"noopener\"><strong>Sie brauchen ein eigenes Impressum? Hier klicken!<\/strong><\/a><\/p>\n<h2>Angaben gem\u00e4\u00df \u00a7 5 DDG:<\/h2>\n<p>DER Datenschutzbeauftragte &#8211; Eine Marke der ATLAS Bildungskapital GmbH<br \/>\nz.Hd. Christian Allner, M.A.<br \/>\nBernhardystr. 12<br \/>\nD-06110 Halle (Saale)<\/p>\n<p>HRB 25275 bei Amtsgericht Stendal<\/p>\n<h3>Contact:<\/h3>\n<p>Telefon: +49 (0) 345 \/ 135 383 13<br \/>\nE-Mail: info@datenschutz-eprivacy.de<\/p>\n<h3>Technische Administration und Support<\/h3>\n<p>Agentur Schrift-Architekt.de<br \/>\nWebsite: <a title=\"Agentur Schrift-Architekt.de unterst\u00fctzt bei Social Media und WordPress-Websites, hilft mit WordPress-Plugins und k\u00fcmmert sich f\u00fcr Ihr KMU um SEO also Suchmaschinenoptimierung und Webdesign\" href=\"https:\/\/schrift-architekt.de\/\">www.schrift-architekt.de<\/a><br \/>\nE-Mail: <a title=\"Kontaktieren Sie Agentur Schrift-Architekt.de via E-Mail und verbessern Sie Social Media und Ihre WordPress-Websites, Ihre WordPress-Plugins und lassen Sie f\u00fcr Ihr KMU das SEO also Suchmaschinenoptimierung und Webdesign verbessern\" href=\"mailto:info@schrift-architekt.de\">info@schrift-architekt.de<\/a><br \/>\nTel.: <a title=\"Agentur Schrift-Architekt.de anrufen f\u00fcr besseres Social Media, tolle Seminare und exzellente WordPress-Websites, WordPress-Plugins und tolles SEO also Suchmaschinenoptimierung und Webdesign f\u00fcr Ihr KMU!\" href=\"tel:+491744027815\" target=\"_blank\" rel=\"noopener\">01744027815<\/a><\/p>\n<p>Kontakt siehe auch <a title=\"Contact\" href=\"https:\/\/schrift-architekt.de\/kontakt\/\">hier<\/a>.<\/p>\n<h3>Umsatzsteuer-Identifikationsnummer gem\u00e4\u00df \u00a7 27a UStG:<\/h3>\n<p>DE316871495<\/p>\n<h2>Angaben gem. \u00a7 25 TDDDG:<\/h2>\n<p>siehe <a href=\"https:\/\/datenschutz-eprivacy.de\/en\/da\/kontakt\/datenschutzerklaerung\/\">Data Privacy Statement<\/a><\/p>\n<h2>Verantwortlich f\u00fcr den Inhalt nach \u00a7 18 MStV:<\/h2>\n<p>Gastbeitr\u00e4ge sind namentlich gekennzeichnet und entsprechen der Meinung der Autoren. Namentlich gekennzeichnete Autoren sind selbst f\u00fcr ihre Inhalte verantwortlich; nicht namentlich gekennzeichnete Autoren sind ebenfalls verantwortlich, da Urheber (hier ist der Anbieter gem. \u00a7 5 DDG verantwortlich den Autoren bei berechtigtem Interesse anfragender Stellen zu benennen); in Ausnahmen gilt der Anbieter gem. \u00a7 5 TMG als verantwortlich. Der Gastbeitragende ist Urheber, aber der Anbieter gem. \u00a7 5 DDG erh\u00e4lt eine unentgeltliche, weltweite und unterlizenzierbare Genehmigung zur Ver\u00f6ffentlichung und Nutzung der zur Verf\u00fcgung gestellten Inhalte.<\/p>\n<p>Dieses Impressum gilt f\u00fcr alle Internetseiten sowie f\u00fcr alle damit verbundenen Telemedien bzw. digitalen Dienste, darunter u.a.: Facebook, Instagram etc. Eine \u00dcbersicht findet sich im Kontaktbereich dieses Angebots.<\/p>\n<h2>Mandatory occupational information<\/h2>\n<p>Auf Teilen dieses Angebots k\u00f6nnen Begrifflichkeiten oder Berufsbezeichnungen wie bspw. \u201eAutor\u201c, \u201eDozent\u201c, \u201eLektor\u201c oder \u201e\u00dcbersetzer\u201c auftauchen. Diese sind innerhalb der Bundesrepublik Deutschland nicht gewerbe- oder kammerpflichtig. Die Bezeichnung \u201eSchrift-Architekt\u201c, \u201eSprech-Architektin\u201c, die Domain \u201eschrift-architekt.de\u201c u.\u00e4. Verwendungen, wie sie auf dieser Domain auftreten k\u00f6nnen, sind kein unberechtigtes F\u00fchren eines Titels und verletzen nicht die deutsche Architektenkammerpflicht, da sie in keinem auf das Bauwesen bezogenen Beruf ausge\u00fcbt, damit in keinem Konkurrenz- oder Wettbewerbsverh\u00e4ltnis stehen (vgl. u.a. OLG M\u00fcnchen 24.02.2011, Az. 24 U 649\/10 i.V.m. \u00a7\u00a7 12, 823 I, II, 1004 BGB) und auch nicht als Berufsbezeichnung verwendet werden, sondern lediglich als Werbung dienen, um die T\u00e4tigkeiten (den <i>Bau<\/i> von Schriftst\u00fccken also das Texten bzw. die Sprachkompetenz) des Dienstleisters in einer anspruchsvollen und sprachlich unterhaltsamen Weise zu umschreiben. Diese Bezeichnungen werden in keinem Umfeld genutzt, der Glauben machen k\u00f6nnte, es handele sich hierbei um im Bau- oder Architektenwesen offizielle Titel, Abschl\u00fcsse oder akademische Grade. Sollte durch ge\u00e4nderte Gesetzeslage ein Zweifel hieran entstehen, w\u00e4re ich \u00fcber eine freundliche R\u00fcckmeldung sehr dankbar und werde entsprechende \u00c4nderungen umgehend einleiten.<\/p>\n<h2>Reference to the contents provided<\/h2>\n<p>Auf dieser Website und den dazugeh\u00f6rigen Plattformen werden Inhalte f\u00fcr Sie bereitgestellt, die ausschlie\u00dflich Ihrer Information dienen und keine rechtliche oder andersartige Beratung darstellen. Es kann kein Anspruch auf Auskunft, Empfehlung oder Beratung aus der Bereitstellung dieser Informationen hergeleitet werden. Aus organisatorischen Gr\u00fcnden k\u00f6nnen wir keine Haftung f\u00fcr die Vollst\u00e4ndigkeit, Aktualit\u00e4t und Richtigkeit der Inhalte \u00fcbernehmen. Sollten Ihnen fragw\u00fcrdige Inhalte auffallen, <a href=\"https:\/\/datenschutz-eprivacy.de\/en\/da\/kontakt\/\">notify us.<\/a> Thank you.<\/p>\n<h2>Mediennachweise<\/h2>\n<p>Images used on these pages are either copyrighted or subject to a <strong>Creative Commons License<\/strong> unterliegend (sie stammen entweder vom Autor, weisen eine gemeinfreie CC0-Lizenz auf oder sind mit entsprechenden Vermerken gekennzeichnet). Wir bitten um eine kurze Freigabe-Anfrage bei Verwendung von Materialien.<\/p>\n<p>Verwendete Hintergrundmusik im Onlinegeister-Podcast: <a href=\"https:\/\/www.bensound.com\/royalty-free-music\/track\/happy-rock\">Song &#8222;Happy Rock&#8220; \u00fcber Royalty Free Music from Bensound<\/a>. Gesprochene Texte bei Onlinegeister-Podcast: Lydia Elaine Stappenbeck, Sprechwissenschaftlerin und Phonetikerin (<a href=\"http:\/\/onlinegeister.com\/kontakt\/\">Contact<\/a>)<\/p>\n<p style=\"text-align: right;\"><em>F\u00fcr weitere Informationen: Dieses Impressum wurde <\/em><em>durch<br \/>\n<a href=\"https:\/\/datenschutz-eprivacy.de\/en\/\" target=\"_blank\" rel=\"noreferrer noopener\">Datenschutz-ePrivacy.de <\/a><\/em><em>erstellt<\/em><em>. <\/em><em>This does not constitute legal advice.<br \/>\n<\/em><\/p>","protected":false},"excerpt":{"rendered":"<p>Sie brauchen ein eigenes Impressum? Hier klicken! Angaben gem\u00e4\u00df \u00a7 5 DDG: DER Datenschutzbeauftragte &#8211; Eine Marke der ATLAS Bildungskapital GmbH z.Hd. Christian Allner, M.A. Bernhardystr. 12 D-06110 Halle (Saale) HRB 25275 bei Amtsgericht Stendal Kontakt: Telefon: +49 (0) 345 \/ 135 383 13 E-Mail: info@datenschutz-eprivacy.de Technische Administration und Support Agentur Schrift-Architekt.de Website: www.schrift-architekt.de E-Mail:&nbsp;&hellip;<\/p>","protected":false},"author":2,"featured_media":0,"parent":244,"menu_order":0,"comment_status":"closed","ping_status":"closed","template":"","meta":{"iawp_total_views":14,"footnotes":""},"class_list":["post-31","page","type-page","status-publish","hentry"],"yoast_head":"<!-- This site is optimized with the Yoast SEO plugin v27.0 - https:\/\/yoast.com\/product\/yoast-seo-wordpress\/ -->\n<title>Impressum - DER Datenschutzbeauftragte f\u00fcr Deutschland<\/title>\n<meta name=\"robots\" content=\"index, follow, max-snippet:-1, max-image-preview:large, max-video-preview:-1\" \/>\n<link rel=\"canonical\" href=\"https:\/\/datenschutz-eprivacy.de\/en\/kontakt\/impressum\/\" \/>\n<meta property=\"og:locale\" content=\"en_GB\" \/>\n<meta property=\"og:type\" content=\"article\" \/>\n<meta property=\"og:title\" content=\"Impressum - DER Datenschutzbeauftragte f\u00fcr Deutschland\" \/>\n<meta property=\"og:description\" content=\"Sie brauchen ein eigenes Impressum? Hier klicken! Angaben gem\u00e4\u00df \u00a7 5 DDG: DER Datenschutzbeauftragte &#8211; Eine Marke der ATLAS Bildungskapital GmbH z.Hd. Christian Allner, M.A. Bernhardystr. 12 D-06110 Halle (Saale) HRB 25275 bei Amtsgericht Stendal Kontakt: Telefon: +49 (0) 345 \/ 135 383 13 E-Mail: info@datenschutz-eprivacy.de Technische Administration und Support Agentur Schrift-Architekt.de Website: www.schrift-architekt.de E-Mail:&nbsp;&hellip;\" \/>\n<meta property=\"og:url\" content=\"https:\/\/datenschutz-eprivacy.de\/en\/kontakt\/impressum\/\" \/>\n<meta property=\"og:site_name\" content=\"DER Datenschutzbeauftragte f\u00fcr Deutschland\" \/>\n<meta property=\"article:modified_time\" content=\"2024-07-18T11:11:48+00:00\" \/>\n<meta property=\"og:image\" content=\"https:\/\/datenschutz-eprivacy.de\/da\/wp-content\/uploads\/dsgvo-bussgeld-deutschland-20000-euro.jpg\" \/>\n\t<meta property=\"og:image:width\" content=\"3353\" \/>\n\t<meta property=\"og:image:height\" content=\"2514\" \/>\n\t<meta property=\"og:image:type\" content=\"image\/jpeg\" \/>\n<meta name=\"twitter:card\" content=\"summary_large_image\" \/>\n<meta name=\"twitter:label1\" content=\"Estimated reading time\" \/>\n\t<meta name=\"twitter:data1\" content=\"3 minutes\" \/>\n<script type=\"application\/ld+json\" class=\"yoast-schema-graph\">{\"@context\":\"https:\/\/schema.org\",\"@graph\":[{\"@type\":\"WebPage\",\"@id\":\"https:\/\/datenschutz-eprivacy.de\/kontakt\/impressum\/\",\"url\":\"https:\/\/datenschutz-eprivacy.de\/kontakt\/impressum\/\",\"name\":\"Impressum - DER Datenschutzbeauftragte f\u00fcr Deutschland\",\"isPartOf\":{\"@id\":\"https:\/\/datenschutz-eprivacy.de\/#website\"},\"datePublished\":\"2019-01-19T01:18:34+00:00\",\"dateModified\":\"2024-07-18T11:11:48+00:00\",\"breadcrumb\":{\"@id\":\"https:\/\/datenschutz-eprivacy.de\/kontakt\/impressum\/#breadcrumb\"},\"inLanguage\":\"en-GB\",\"potentialAction\":[{\"@type\":\"ReadAction\",\"target\":[\"https:\/\/datenschutz-eprivacy.de\/kontakt\/impressum\/\"]}]},{\"@type\":\"BreadcrumbList\",\"@id\":\"https:\/\/datenschutz-eprivacy.de\/kontakt\/impressum\/#breadcrumb\",\"itemListElement\":[{\"@type\":\"ListItem\",\"position\":1,\"name\":\"Startseite\",\"item\":\"https:\/\/datenschutz-eprivacy.de\/\"},{\"@type\":\"ListItem\",\"position\":2,\"name\":\"Kontakt\",\"item\":\"https:\/\/datenschutz-eprivacy.de\/en\/kontakt\/\"},{\"@type\":\"ListItem\",\"position\":3,\"name\":\"Impressum\"}]},{\"@type\":\"WebSite\",\"@id\":\"https:\/\/datenschutz-eprivacy.de\/#website\",\"url\":\"https:\/\/datenschutz-eprivacy.de\/\",\"name\":\"DER Datenschutzbeauftragte f\u00fcr Deutschland\",\"description\":\"Datenschutz &amp; ePrivacy in Halle (Saale), Magdeburg, Mitteldeutschland und dar\u00fcber hinaus\",\"publisher\":{\"@id\":\"https:\/\/datenschutz-eprivacy.de\/#organization\"},\"potentialAction\":[{\"@type\":\"SearchAction\",\"target\":{\"@type\":\"EntryPoint\",\"urlTemplate\":\"https:\/\/datenschutz-eprivacy.de\/?s={search_term_string}\"},\"query-input\":{\"@type\":\"PropertyValueSpecification\",\"valueRequired\":true,\"valueName\":\"search_term_string\"}}],\"inLanguage\":\"en-GB\"},{\"@type\":\"Organization\",\"@id\":\"https:\/\/datenschutz-eprivacy.de\/#organization\",\"name\":\"DER Datenschutzbeauftragte f\u00fcr Deutschland\",\"url\":\"https:\/\/datenschutz-eprivacy.de\/\",\"logo\":{\"@type\":\"ImageObject\",\"inLanguage\":\"en-GB\",\"@id\":\"https:\/\/datenschutz-eprivacy.de\/#\/schema\/logo\/image\/\",\"url\":\"https:\/\/datenschutz-eprivacy.de\/da\/wp-content\/uploads\/DER_DATENTSCHUTZ_Logo_1000_trans.png\",\"contentUrl\":\"https:\/\/datenschutz-eprivacy.de\/da\/wp-content\/uploads\/DER_DATENTSCHUTZ_Logo_1000_trans.png\",\"width\":1000,\"height\":373,\"caption\":\"DER Datenschutzbeauftragte f\u00fcr Deutschland\"},\"image\":{\"@id\":\"https:\/\/datenschutz-eprivacy.de\/#\/schema\/logo\/image\/\"}}]}<\/script>\n<!-- \/ Yoast SEO plugin. -->","yoast_head_json":{"title":"Impressum - DER Datenschutzbeauftragte f\u00fcr Deutschland","robots":{"index":"index","follow":"follow","max-snippet":"max-snippet:-1","max-image-preview":"max-image-preview:large","max-video-preview":"max-video-preview:-1"},"canonical":"https:\/\/datenschutz-eprivacy.de\/en\/kontakt\/impressum\/","og_locale":"en_GB","og_type":"article","og_title":"Impressum - DER Datenschutzbeauftragte f\u00fcr Deutschland","og_description":"Sie brauchen ein eigenes Impressum? Hier klicken! Angaben gem\u00e4\u00df \u00a7 5 DDG: DER Datenschutzbeauftragte &#8211; Eine Marke der ATLAS Bildungskapital GmbH z.Hd. Christian Allner, M.A. Bernhardystr. 12 D-06110 Halle (Saale) HRB 25275 bei Amtsgericht Stendal Kontakt: Telefon: +49 (0) 345 \/ 135 383 13 E-Mail: info@datenschutz-eprivacy.de Technische Administration und Support Agentur Schrift-Architekt.de Website: www.schrift-architekt.de E-Mail:&nbsp;&hellip;","og_url":"https:\/\/datenschutz-eprivacy.de\/en\/kontakt\/impressum\/","og_site_name":"DER Datenschutzbeauftragte f\u00fcr Deutschland","article_modified_time":"2024-07-18T11:11:48+00:00","og_image":[{"width":3353,"height":2514,"url":"https:\/\/datenschutz-eprivacy.de\/da\/wp-content\/uploads\/dsgvo-bussgeld-deutschland-20000-euro.jpg","type":"image\/jpeg"}],"twitter_card":"summary_large_image","twitter_misc":{"Estimated reading time":"3 minutes"},"schema":{"@context":"https:\/\/schema.org","@graph":[{"@type":"WebPage","@id":"https:\/\/datenschutz-eprivacy.de\/kontakt\/impressum\/","url":"https:\/\/datenschutz-eprivacy.de\/kontakt\/impressum\/","name":"Impressum - DER Datenschutzbeauftragte f\u00fcr Deutschland","isPartOf":{"@id":"https:\/\/datenschutz-eprivacy.de\/#website"},"datePublished":"2019-01-19T01:18:34+00:00","dateModified":"2024-07-18T11:11:48+00:00","breadcrumb":{"@id":"https:\/\/datenschutz-eprivacy.de\/kontakt\/impressum\/#breadcrumb"},"inLanguage":"en-GB","potentialAction":[{"@type":"ReadAction","target":["https:\/\/datenschutz-eprivacy.de\/kontakt\/impressum\/"]}]},{"@type":"BreadcrumbList","@id":"https:\/\/datenschutz-eprivacy.de\/kontakt\/impressum\/#breadcrumb","itemListElement":[{"@type":"ListItem","position":1,"name":"Startseite","item":"https:\/\/datenschutz-eprivacy.de\/"},{"@type":"ListItem","position":2,"name":"Kontakt","item":"https:\/\/datenschutz-eprivacy.de\/en\/kontakt\/"},{"@type":"ListItem","position":3,"name":"Impressum"}]},{"@type":"WebSite","@id":"https:\/\/datenschutz-eprivacy.de\/#website","url":"https:\/\/datenschutz-eprivacy.de\/","name":"DER Datenschutzbeauftragte f\u00fcr Deutschland","description":"Datenschutz &amp; ePrivacy in Halle (Saale), Magdeburg, Mitteldeutschland und dar\u00fcber hinaus","publisher":{"@id":"https:\/\/datenschutz-eprivacy.de\/#organization"},"potentialAction":[{"@type":"SearchAction","target":{"@type":"EntryPoint","urlTemplate":"https:\/\/datenschutz-eprivacy.de\/?s={search_term_string}"},"query-input":{"@type":"PropertyValueSpecification","valueRequired":true,"valueName":"search_term_string"}}],"inLanguage":"en-GB"},{"@type":"Organization","@id":"https:\/\/datenschutz-eprivacy.de\/#organization","name":"DER Datenschutzbeauftragte f\u00fcr Deutschland","url":"https:\/\/datenschutz-eprivacy.de\/","logo":{"@type":"ImageObject","inLanguage":"en-GB","@id":"https:\/\/datenschutz-eprivacy.de\/#\/schema\/logo\/image\/","url":"https:\/\/datenschutz-eprivacy.de\/da\/wp-content\/uploads\/DER_DATENTSCHUTZ_Logo_1000_trans.png","contentUrl":"https:\/\/datenschutz-eprivacy.de\/da\/wp-content\/uploads\/DER_DATENTSCHUTZ_Logo_1000_trans.png","width":1000,"height":373,"caption":"DER Datenschutzbeauftragte f\u00fcr Deutschland"},"image":{"@id":"https:\/\/datenschutz-eprivacy.de\/#\/schema\/logo\/image\/"}}]}},"_links":{"self":[{"href":"https:\/\/datenschutz-eprivacy.de\/en\/wp-json\/wp\/v2\/pages\/31","targetHints":{"allow":["GET"]}}],"collection":[{"href":"https:\/\/datenschutz-eprivacy.de\/en\/wp-json\/wp\/v2\/pages"}],"about":[{"href":"https:\/\/datenschutz-eprivacy.de\/en\/wp-json\/wp\/v2\/types\/page"}],"author":[{"embeddable":true,"href":"https:\/\/datenschutz-eprivacy.de\/en\/wp-json\/wp\/v2\/users\/2"}],"replies":[{"embeddable":true,"href":"https:\/\/datenschutz-eprivacy.de\/en\/wp-json\/wp\/v2\/comments?post=31"}],"version-history":[{"count":0,"href":"https:\/\/datenschutz-eprivacy.de\/en\/wp-json\/wp\/v2\/pages\/31\/revisions"}],"up":[{"embeddable":true,"href":"https:\/\/datenschutz-eprivacy.de\/en\/wp-json\/wp\/v2\/pages\/244"}],"wp:attachment":[{"href":"https:\/\/datenschutz-eprivacy.de\/en\/wp-json\/wp\/v2\/media?parent=31"}],"curies":[{"name":"wp","href":"https:\/\/api.w.org\/{rel}","templated":true}]}}