{"id":244,"date":"2019-01-19T02:16:30","date_gmt":"2019-01-19T01:16:30","guid":{"rendered":"https:\/\/datenschutz-eprivacy.de\/da\/dat\/?page_id=8"},"modified":"2025-03-25T14:22:10","modified_gmt":"2025-03-25T13:22:10","slug":"kontakt","status":"publish","type":"page","link":"https:\/\/datenschutz-eprivacy.de\/en\/kontakt\/","title":{"rendered":"Contact"},"content":{"rendered":"<p><\/p>\n\n<!-- wp:heading--><div class=\"gridContainer\">\n<\/p>\n<h2 style=\"text-align: left;\"><strong>Kontakt aufnehmen<\/strong><\/h2>\n<p style=\"text-align: justify;\">Wir stehen jederzeit gern zur Ihrer Verf\u00fcgung. Ihre Daten werden dabei nur f\u00fcr den Kontakt selbst verarbeite, nicht dauerhaft gespeichert und verschl\u00fcsselt \u00fcbermittelt.<\/p>\n\n<div class=\"wpcf7 no-js\" id=\"wpcf7-f54-o1\" lang=\"de-DE\" dir=\"ltr\" data-wpcf7-id=\"54\">\n<div class=\"screen-reader-response\"><p role=\"status\" aria-live=\"polite\" aria-atomic=\"true\"><\/p> <ul><\/ul><\/div>\n<form action=\"\/en\/wp-json\/wp\/v2\/pages\/244#wpcf7-f54-o1\" method=\"post\" class=\"wpcf7-form init\" aria-label=\"Kontaktformular\" novalidate=\"novalidate\" data-status=\"init\">\n<fieldset class=\"hidden-fields-container\"><input type=\"hidden\" name=\"_wpcf7\" value=\"54\" \/><input type=\"hidden\" name=\"_wpcf7_version\" value=\"6.1.4\" \/><input type=\"hidden\" name=\"_wpcf7_locale\" value=\"de_DE\" \/><input type=\"hidden\" name=\"_wpcf7_unit_tag\" value=\"wpcf7-f54-o1\" \/><input type=\"hidden\" name=\"_wpcf7_container_post\" value=\"0\" \/><input type=\"hidden\" name=\"_wpcf7_posted_data_hash\" value=\"\" \/><input type=\"hidden\" name=\"_wpcf7_recaptcha_response\" value=\"\" \/>\n<\/fieldset>\n<p><label> Ihre E-Mail-Adresse (Pflichtfeld)<br \/>\n<span class=\"wpcf7-form-control-wrap\" data-name=\"your-email\"><input size=\"40\" maxlength=\"400\" class=\"wpcf7-form-control wpcf7-email wpcf7-validates-as-required wpcf7-text wpcf7-validates-as-email\" aria-required=\"true\" aria-invalid=\"false\" value=\"\" type=\"email\" name=\"your-email\" \/><\/span> <\/label>\n<\/p>\n<p><label> Ihre Nachricht<br \/>\n<span class=\"wpcf7-form-control-wrap\" data-name=\"your-message\"><textarea cols=\"40\" rows=\"10\" maxlength=\"2000\" class=\"wpcf7-form-control wpcf7-textarea\" aria-invalid=\"false\" name=\"your-message\"><\/textarea><\/span> <\/label>\n<\/p>\n<p><input class=\"wpcf7-form-control wpcf7-submit has-spinner\" type=\"submit\" value=\"Senden\" \/>\n<\/p><div class=\"wpcf7-response-output\" aria-hidden=\"true\"><\/div>\n<\/form>\n<\/div>\n\n<h2>\u00a0<\/h2>\n<h2><strong>Vielen Dank f\u00fcr Ihre Nachricht!<\/strong><\/h2>\n<p>\n<\/div><!-- \/wp:heading-->\n\n<p>\u00a0<\/p>\n<p><!--more--><\/p>\n<p>\u00a0<\/p>\n<p>\u00a0<\/p>\n<p style=\"text-align: left;\">Schreiben Sie uns alternativ auch gern eine E-Mail an:<\/p>\n<p style=\"text-align: center;\"><strong><a href=\"mailto:info@datenschutz-eprivacy.de?subject=%20[Datenschutzbeauftragter]%20E-Mail%20&amp;via%20Kontaktbereich%20der%20Website%20&amp;amp;body=Sehr%20geehrter%20Herr%20Allner,\" target=\"_blank\" rel=\"noopener noreferrer\">info@datenschutz-eprivacy.de<\/a><\/strong><\/p>\n<p style=\"text-align: justify;\">und schildern Sie Ihr Anliegen oder rufen Sie uns direkt an, mobil via:<\/p>\n<p style=\"text-align: center;\"><a href=\"tel:+491744027815\"><strong>+49 (0) 174 402 78 15<\/strong><\/a><\/p>\n<hr \/>\n<h3>\u00a0<\/h3>\n<h3 style=\"text-align: center;\"><strong>Skype und Messenger*<br \/><\/strong><\/h3>\n<p align=\"center\">Auch wenn wir diese Dienste nicht empfehlen, sind wir auch \u00fcber Skype (<a href=\"http:\/\/www.skype.com\/intl\/de\/get-skype\/\" target=\"new\" rel=\"nofollow noopener\">Software-Download<\/a>) erreichbar. Sie k\u00f6nnen uns auf dem Mobiltelefon anrufen oder den Chef direkt erreichen unter &#8222;<strong>christianallner&#8220;<\/strong>:<\/p>\n<p align=\"center\"><a href=\"skype:christianallner?chat\"><img decoding=\"async\" data-src=\"http:\/\/schrift-architekt.de\/GLaDOS\/wp-content\/uploads\/skype-chat-300x75.png\" alt=\"Einen Chat in Skype \u00f6ffnen\" width=\"300\" height=\"75\" src=\"data:image\/gif;base64,R0lGODlhAQABAAAAACH5BAEKAAEALAAAAAABAAEAAAICTAEAOw==\" class=\"lazyload\" style=\"--smush-placeholder-width: 300px; --smush-placeholder-aspect-ratio: 300\/75;\" \/><\/a><\/p>\n<p align=\"center\"><a href=\"skype:christianallner?call\"><img decoding=\"async\" data-src=\"http:\/\/schrift-architekt.de\/GLaDOS\/wp-content\/uploads\/skype-call-300x75.png\" alt=\"Einen Call in Skype \u00f6ffnen, also jemanden anrufen\" width=\"300\" height=\"75\" src=\"data:image\/gif;base64,R0lGODlhAQABAAAAACH5BAEKAAEALAAAAAABAAEAAAICTAEAOw==\" class=\"lazyload\" style=\"--smush-placeholder-width: 300px; --smush-placeholder-aspect-ratio: 300\/75;\" \/><\/a><\/p>\n<p align=\"center\"><em>*Sie k\u00f6nnen Christian Allner auch via <a href=\"https:\/\/web.whatsapp.com\/send?phone=491744027815\">WhatsApp<\/a>, <a href=\"http:\/\/www.snapchat.com\/add\/christianallner\">Snapchat<\/a> oder den <a href=\"http:\/\/m.me\/christianallner\">Facebook Messenger<\/a> erreichen. Wir empfehlen diese Dienste aber nicht f\u00fcr formale Datenschutzanfragen. Nutzen Sie hierf\u00fcr am besten die <a href=\"https:\/\/der-seminar.de\/talkplus\">Tools von DER SEMINAR<\/a><br \/><\/em><\/p>\n<p align=\"center\"><a href=\"skype:christianallner?chat\"><img decoding=\"async\" data-src=\"http:\/\/schrift-architekt.de\/GLaDOS\/wp-content\/uploads\/Skype-icon_kl_trans.png\" alt=\"\" width=\"111\" height=\"74\" src=\"data:image\/gif;base64,R0lGODlhAQABAAAAACH5BAEKAAEALAAAAAABAAEAAAICTAEAOw==\" class=\"lazyload\" style=\"--smush-placeholder-width: 111px; --smush-placeholder-aspect-ratio: 111\/74;\" \/><\/a><a href=\"https:\/\/web.whatsapp.com\/send?phone=491744027815\"><img decoding=\"async\" data-src=\"http:\/\/schrift-architekt.de\/GLaDOS\/wp-content\/uploads\/WhatsApp-icon_kl_trans.png\" alt=\"\" width=\"111\" height=\"74\" src=\"data:image\/gif;base64,R0lGODlhAQABAAAAACH5BAEKAAEALAAAAAABAAEAAAICTAEAOw==\" class=\"lazyload\" style=\"--smush-placeholder-width: 111px; --smush-placeholder-aspect-ratio: 111\/74;\" \/><\/a><a href=\"http:\/\/www.snapchat.com\/add\/christianallner\"><img decoding=\"async\" data-src=\"http:\/\/schrift-architekt.de\/GLaDOS\/wp-content\/uploads\/Snapchat.png\" alt=\"Folge mir bei Snapchat\" width=\"111\" height=\"74\" border=\"0\" src=\"data:image\/gif;base64,R0lGODlhAQABAAAAACH5BAEKAAEALAAAAAABAAEAAAICTAEAOw==\" class=\"lazyload\" style=\"--smush-placeholder-width: 111px; --smush-placeholder-aspect-ratio: 111\/74;\" \/><\/a><a href=\"m.me\/christianallner\"><img decoding=\"async\" data-src=\"http:\/\/schrift-architekt.de\/GLaDOS\/wp-content\/uploads\/Facebook_Messenger_logo_trans.png\" alt=\"\" width=\"111\" height=\"74\" src=\"data:image\/gif;base64,R0lGODlhAQABAAAAACH5BAEKAAEALAAAAAABAAEAAAICTAEAOw==\" class=\"lazyload\" style=\"--smush-placeholder-width: 111px; --smush-placeholder-aspect-ratio: 111\/74;\" \/><\/a><\/p>\n<hr \/>\n<h3>\u00a0<\/h3>\n<h3 style=\"text-align: center;\"><strong>Anfahrt<\/strong><\/h3>\n<p style=\"text-align: justify;\" align=\"center\">Wir arbeiten <strong>ortsunabh\u00e4ngig<\/strong> und sind <strong>mobil<\/strong>. Sie k\u00f6nnen uns an verschiedenen Standorten in Halle, Magdeburg, Villach (W\u00f6rthersee) und Teutschenthal pers\u00f6nlich antreffen.<\/p>\n<p style=\"text-align: justify;\" align=\"center\">Kontaktieren Sie uns bitte <strong>vor<\/strong> einem Ortstermin im Hauptb\u00fcro, damit Sie mich in meinen B\u00fcror\u00e4umlichkeiten auch sicher antreffen k\u00f6nnen:<\/p>\n<p style=\"text-align: center;\" align=\"center\"><em>DER-SEMINAR.de <br \/>c\/o Alwa UG (haftungsbeschr\u00e4nkt) <br \/>Bernhardystr. 12<\/em><em>, 06110 Halle (Saale)<\/em>\u00a0<\/p>\n<p>\u00a0<\/p>\n<p>\u00a0<\/p>\n<center><iframe style=\"border: 0;\" data-src=\"https:\/\/www.google.com\/maps\/embed?pb=!1m14!1m8!1m3!1d9940.729398727492!2d11.974933!3d51.4731671!3m2!1i1024!2i768!4f13.1!3m3!1m2!1s0x0%3A0xd575e94b7310889!2sDER-SEMINAR.de!5e0!3m2!1sde!2sde!4v1551024575917\" width=\"600\" height=\"450\" frameborder=\"0\" allowfullscreen=\"allowfullscreen\" src=\"data:image\/gif;base64,R0lGODlhAQABAAAAACH5BAEKAAEALAAAAAABAAEAAAICTAEAOw==\" class=\"lazyload\" data-load-mode=\"1\"><\/iframe> <small><\/small><\/center><center><small><a style=\"color: #0000ff; text-align: left;\" href=\"https:\/\/maps.google.com\/maps?f=q&amp;source=embed&amp;hl=de&amp;geocode=&amp;q=Schrift|Architekt,+Waisenhausring,+Halle+(Saale),+Deutschland&amp;aq=0&amp;oq=Schrift-Architekt&amp;sll=37.0625,-95.677068&amp;sspn=58.337319,128.144531&amp;ie=UTF8&amp;hq=Schrift|Architekt,&amp;hnear=Waisenhausring,+06108+Halle+(Saale),+Sachsen-Anhalt,+Deutschland&amp;t=m&amp;z=14&amp;iwloc=A&amp;cid=10936354744707976018&amp;ll=51.478815,11.97167\">Gr\u00f6\u00dfere Kartenansicht<\/a><\/small><\/center>\n<p>\u00a0<\/p>\n<p>\u00a0<\/p>\n<p>\u00a0<\/p>\n<h3 style=\"text-align: center;\">\u00a0<\/h3>\n<hr \/>","protected":false},"excerpt":{"rendered":"<p>Kontakt aufnehmen Wir stehen jederzeit gern zur Ihrer Verf\u00fcgung. Ihre Daten werden dabei nur f\u00fcr den Kontakt selbst verarbeite, nicht dauerhaft gespeichert und verschl\u00fcsselt \u00fcbermittelt. \u00a0 Vielen Dank f\u00fcr Ihre Nachricht! \u00a0<\/p>","protected":false},"author":2,"featured_media":0,"parent":0,"menu_order":0,"comment_status":"closed","ping_status":"closed","template":"","meta":{"iawp_total_views":8,"footnotes":""},"class_list":["post-244","page","type-page","status-publish","hentry"],"yoast_head":"<!-- This site is optimized with the Yoast SEO plugin v27.0 - https:\/\/yoast.com\/product\/yoast-seo-wordpress\/ -->\n<title>Kontakt - DER Datenschutzbeauftragte f\u00fcr Deutschland<\/title>\n<meta name=\"robots\" content=\"index, follow, max-snippet:-1, max-image-preview:large, max-video-preview:-1\" \/>\n<link rel=\"canonical\" href=\"https:\/\/datenschutz-eprivacy.de\/en\/kontakt\/\" \/>\n<meta property=\"og:locale\" content=\"en_GB\" \/>\n<meta property=\"og:type\" content=\"article\" \/>\n<meta property=\"og:title\" content=\"Kontakt - DER Datenschutzbeauftragte f\u00fcr Deutschland\" \/>\n<meta property=\"og:description\" content=\"Kontakt aufnehmen Wir stehen jederzeit gern zur Ihrer Verf\u00fcgung. Ihre Daten werden dabei nur f\u00fcr den Kontakt selbst verarbeite, nicht dauerhaft gespeichert und verschl\u00fcsselt \u00fcbermittelt. \u00a0 Vielen Dank f\u00fcr Ihre Nachricht! \u00a0\" \/>\n<meta property=\"og:url\" content=\"https:\/\/datenschutz-eprivacy.de\/en\/kontakt\/\" \/>\n<meta property=\"og:site_name\" content=\"DER Datenschutzbeauftragte f\u00fcr Deutschland\" \/>\n<meta property=\"article:modified_time\" content=\"2025-03-25T13:22:10+00:00\" \/>\n<meta property=\"og:image\" content=\"http:\/\/schrift-architekt.de\/GLaDOS\/wp-content\/uploads\/skype-chat-300x75.png\" \/>\n<meta name=\"twitter:card\" content=\"summary_large_image\" \/>\n<meta name=\"twitter:label1\" content=\"Estimated reading time\" \/>\n\t<meta name=\"twitter:data1\" content=\"2 minutes\" \/>\n<script type=\"application\/ld+json\" class=\"yoast-schema-graph\">{\"@context\":\"https:\/\/schema.org\",\"@graph\":[{\"@type\":\"WebPage\",\"@id\":\"https:\/\/datenschutz-eprivacy.de\/en\/kontakt\/\",\"url\":\"https:\/\/datenschutz-eprivacy.de\/en\/kontakt\/\",\"name\":\"Kontakt - DER Datenschutzbeauftragte f\u00fcr Deutschland\",\"isPartOf\":{\"@id\":\"https:\/\/datenschutz-eprivacy.de\/#website\"},\"primaryImageOfPage\":{\"@id\":\"https:\/\/datenschutz-eprivacy.de\/en\/kontakt\/#primaryimage\"},\"image\":{\"@id\":\"https:\/\/datenschutz-eprivacy.de\/en\/kontakt\/#primaryimage\"},\"thumbnailUrl\":\"http:\/\/schrift-architekt.de\/GLaDOS\/wp-content\/uploads\/skype-chat-300x75.png\",\"datePublished\":\"2019-01-19T01:16:30+00:00\",\"dateModified\":\"2025-03-25T13:22:10+00:00\",\"breadcrumb\":{\"@id\":\"https:\/\/datenschutz-eprivacy.de\/en\/kontakt\/#breadcrumb\"},\"inLanguage\":\"en-GB\",\"potentialAction\":[{\"@type\":\"ReadAction\",\"target\":[\"https:\/\/datenschutz-eprivacy.de\/en\/kontakt\/\"]}]},{\"@type\":\"ImageObject\",\"inLanguage\":\"en-GB\",\"@id\":\"https:\/\/datenschutz-eprivacy.de\/en\/kontakt\/#primaryimage\",\"url\":\"http:\/\/schrift-architekt.de\/GLaDOS\/wp-content\/uploads\/skype-chat-300x75.png\",\"contentUrl\":\"http:\/\/schrift-architekt.de\/GLaDOS\/wp-content\/uploads\/skype-chat-300x75.png\"},{\"@type\":\"BreadcrumbList\",\"@id\":\"https:\/\/datenschutz-eprivacy.de\/en\/kontakt\/#breadcrumb\",\"itemListElement\":[{\"@type\":\"ListItem\",\"position\":1,\"name\":\"Startseite\",\"item\":\"https:\/\/datenschutz-eprivacy.de\/\"},{\"@type\":\"ListItem\",\"position\":2,\"name\":\"Kontakt\"}]},{\"@type\":\"WebSite\",\"@id\":\"https:\/\/datenschutz-eprivacy.de\/#website\",\"url\":\"https:\/\/datenschutz-eprivacy.de\/\",\"name\":\"DER Datenschutzbeauftragte f\u00fcr Deutschland\",\"description\":\"Datenschutz &amp; ePrivacy in Halle (Saale), Magdeburg, Mitteldeutschland und dar\u00fcber hinaus\",\"publisher\":{\"@id\":\"https:\/\/datenschutz-eprivacy.de\/#organization\"},\"potentialAction\":[{\"@type\":\"SearchAction\",\"target\":{\"@type\":\"EntryPoint\",\"urlTemplate\":\"https:\/\/datenschutz-eprivacy.de\/?s={search_term_string}\"},\"query-input\":{\"@type\":\"PropertyValueSpecification\",\"valueRequired\":true,\"valueName\":\"search_term_string\"}}],\"inLanguage\":\"en-GB\"},{\"@type\":\"Organization\",\"@id\":\"https:\/\/datenschutz-eprivacy.de\/#organization\",\"name\":\"DER Datenschutzbeauftragte f\u00fcr Deutschland\",\"url\":\"https:\/\/datenschutz-eprivacy.de\/\",\"logo\":{\"@type\":\"ImageObject\",\"inLanguage\":\"en-GB\",\"@id\":\"https:\/\/datenschutz-eprivacy.de\/#\/schema\/logo\/image\/\",\"url\":\"https:\/\/datenschutz-eprivacy.de\/da\/wp-content\/uploads\/DER_DATENTSCHUTZ_Logo_1000_trans.png\",\"contentUrl\":\"https:\/\/datenschutz-eprivacy.de\/da\/wp-content\/uploads\/DER_DATENTSCHUTZ_Logo_1000_trans.png\",\"width\":1000,\"height\":373,\"caption\":\"DER Datenschutzbeauftragte f\u00fcr Deutschland\"},\"image\":{\"@id\":\"https:\/\/datenschutz-eprivacy.de\/#\/schema\/logo\/image\/\"}}]}<\/script>\n<!-- \/ Yoast SEO plugin. -->","yoast_head_json":{"title":"Kontakt - DER Datenschutzbeauftragte f\u00fcr Deutschland","robots":{"index":"index","follow":"follow","max-snippet":"max-snippet:-1","max-image-preview":"max-image-preview:large","max-video-preview":"max-video-preview:-1"},"canonical":"https:\/\/datenschutz-eprivacy.de\/en\/kontakt\/","og_locale":"en_GB","og_type":"article","og_title":"Kontakt - DER Datenschutzbeauftragte f\u00fcr Deutschland","og_description":"Kontakt aufnehmen Wir stehen jederzeit gern zur Ihrer Verf\u00fcgung. Ihre Daten werden dabei nur f\u00fcr den Kontakt selbst verarbeite, nicht dauerhaft gespeichert und verschl\u00fcsselt \u00fcbermittelt. \u00a0 Vielen Dank f\u00fcr Ihre Nachricht! \u00a0","og_url":"https:\/\/datenschutz-eprivacy.de\/en\/kontakt\/","og_site_name":"DER Datenschutzbeauftragte f\u00fcr Deutschland","article_modified_time":"2025-03-25T13:22:10+00:00","og_image":[{"url":"http:\/\/schrift-architekt.de\/GLaDOS\/wp-content\/uploads\/skype-chat-300x75.png","type":"","width":"","height":""}],"twitter_card":"summary_large_image","twitter_misc":{"Estimated reading time":"2 minutes"},"schema":{"@context":"https:\/\/schema.org","@graph":[{"@type":"WebPage","@id":"https:\/\/datenschutz-eprivacy.de\/en\/kontakt\/","url":"https:\/\/datenschutz-eprivacy.de\/en\/kontakt\/","name":"Kontakt - DER Datenschutzbeauftragte f\u00fcr Deutschland","isPartOf":{"@id":"https:\/\/datenschutz-eprivacy.de\/#website"},"primaryImageOfPage":{"@id":"https:\/\/datenschutz-eprivacy.de\/en\/kontakt\/#primaryimage"},"image":{"@id":"https:\/\/datenschutz-eprivacy.de\/en\/kontakt\/#primaryimage"},"thumbnailUrl":"http:\/\/schrift-architekt.de\/GLaDOS\/wp-content\/uploads\/skype-chat-300x75.png","datePublished":"2019-01-19T01:16:30+00:00","dateModified":"2025-03-25T13:22:10+00:00","breadcrumb":{"@id":"https:\/\/datenschutz-eprivacy.de\/en\/kontakt\/#breadcrumb"},"inLanguage":"en-GB","potentialAction":[{"@type":"ReadAction","target":["https:\/\/datenschutz-eprivacy.de\/en\/kontakt\/"]}]},{"@type":"ImageObject","inLanguage":"en-GB","@id":"https:\/\/datenschutz-eprivacy.de\/en\/kontakt\/#primaryimage","url":"http:\/\/schrift-architekt.de\/GLaDOS\/wp-content\/uploads\/skype-chat-300x75.png","contentUrl":"http:\/\/schrift-architekt.de\/GLaDOS\/wp-content\/uploads\/skype-chat-300x75.png"},{"@type":"BreadcrumbList","@id":"https:\/\/datenschutz-eprivacy.de\/en\/kontakt\/#breadcrumb","itemListElement":[{"@type":"ListItem","position":1,"name":"Startseite","item":"https:\/\/datenschutz-eprivacy.de\/"},{"@type":"ListItem","position":2,"name":"Kontakt"}]},{"@type":"WebSite","@id":"https:\/\/datenschutz-eprivacy.de\/#website","url":"https:\/\/datenschutz-eprivacy.de\/","name":"DER Datenschutzbeauftragte f\u00fcr Deutschland","description":"Datenschutz &amp; ePrivacy in Halle (Saale), Magdeburg, Mitteldeutschland und dar\u00fcber hinaus","publisher":{"@id":"https:\/\/datenschutz-eprivacy.de\/#organization"},"potentialAction":[{"@type":"SearchAction","target":{"@type":"EntryPoint","urlTemplate":"https:\/\/datenschutz-eprivacy.de\/?s={search_term_string}"},"query-input":{"@type":"PropertyValueSpecification","valueRequired":true,"valueName":"search_term_string"}}],"inLanguage":"en-GB"},{"@type":"Organization","@id":"https:\/\/datenschutz-eprivacy.de\/#organization","name":"DER Datenschutzbeauftragte f\u00fcr Deutschland","url":"https:\/\/datenschutz-eprivacy.de\/","logo":{"@type":"ImageObject","inLanguage":"en-GB","@id":"https:\/\/datenschutz-eprivacy.de\/#\/schema\/logo\/image\/","url":"https:\/\/datenschutz-eprivacy.de\/da\/wp-content\/uploads\/DER_DATENTSCHUTZ_Logo_1000_trans.png","contentUrl":"https:\/\/datenschutz-eprivacy.de\/da\/wp-content\/uploads\/DER_DATENTSCHUTZ_Logo_1000_trans.png","width":1000,"height":373,"caption":"DER Datenschutzbeauftragte f\u00fcr Deutschland"},"image":{"@id":"https:\/\/datenschutz-eprivacy.de\/#\/schema\/logo\/image\/"}}]}},"_links":{"self":[{"href":"https:\/\/datenschutz-eprivacy.de\/en\/wp-json\/wp\/v2\/pages\/244","targetHints":{"allow":["GET"]}}],"collection":[{"href":"https:\/\/datenschutz-eprivacy.de\/en\/wp-json\/wp\/v2\/pages"}],"about":[{"href":"https:\/\/datenschutz-eprivacy.de\/en\/wp-json\/wp\/v2\/types\/page"}],"author":[{"embeddable":true,"href":"https:\/\/datenschutz-eprivacy.de\/en\/wp-json\/wp\/v2\/users\/2"}],"replies":[{"embeddable":true,"href":"https:\/\/datenschutz-eprivacy.de\/en\/wp-json\/wp\/v2\/comments?post=244"}],"version-history":[{"count":0,"href":"https:\/\/datenschutz-eprivacy.de\/en\/wp-json\/wp\/v2\/pages\/244\/revisions"}],"wp:attachment":[{"href":"https:\/\/datenschutz-eprivacy.de\/en\/wp-json\/wp\/v2\/media?parent=244"}],"curies":[{"name":"wp","href":"https:\/\/api.w.org\/{rel}","templated":true}]}}